{"id":76,"date":"2025-02-25T16:36:09","date_gmt":"2025-02-25T16:36:09","guid":{"rendered":"https:\/\/tortascomoencasa.com\/?page_id=76"},"modified":"2025-02-27T13:48:06","modified_gmt":"2025-02-27T13:48:06","slug":"menu","status":"publish","type":"page","link":"https:\/\/tortascomoencasa.com\/nuestromenu.php","title":{"rendered":"MEN\u00da"},"content":{"rendered":"\n<div class=\"wp-block-cover alignfull\" style=\"min-height:1000px;aspect-ratio:unset;\"><span aria-hidden=\"true\" class=\"wp-block-cover__background has-background-dim-20 has-background-dim\" style=\"background-color:#87685c\"><\/span><img loading=\"lazy\" decoding=\"async\" width=\"1395\" height=\"610\" class=\"wp-block-cover__image-background wp-image-80\" alt=\"NUESTRO menu\" src=\"https:\/\/tortascomoencasa.com\/wp-content\/uploads\/2025\/02\/slide2.jpg\" data-object-fit=\"cover\" srcset=\"https:\/\/tortascomoencasa.com\/wp-content\/uploads\/2025\/02\/slide2.jpg 1395w, https:\/\/tortascomoencasa.com\/wp-content\/uploads\/2025\/02\/slide2-300x131.jpg 300w, https:\/\/tortascomoencasa.com\/wp-content\/uploads\/2025\/02\/slide2-1024x448.jpg 1024w, https:\/\/tortascomoencasa.com\/wp-content\/uploads\/2025\/02\/slide2-768x336.jpg 768w\" sizes=\"auto, (max-width: 1395px) 100vw, 1395px\" \/><div class=\"wp-block-cover__inner-container is-layout-constrained wp-block-cover-is-layout-constrained\">\n<h1 class=\"wp-block-heading has-text-align-center has-white-color has-text-color has-x-large-font-size\" style=\"text-transform:uppercase\">NUESTRO <strong>menu<\/strong><\/h1>\n\n\n\n<p class=\"has-text-align-center\"><\/p>\n\n\n\n<div style=\"height:55px\" aria-hidden=\"true\" class=\"wp-block-spacer\"><\/div>\n<\/div><\/div>\n\n\n\n<div style=\"height:50px\" aria-hidden=\"true\" class=\"wp-block-spacer\"><\/div>\n\n\n\n<div class=\"wp-block-cover has-nv-dark-bg-color has-text-color has-link-color wp-elements-c695dc4762c310a5ec1cf66ff329924f\"><span aria-hidden=\"true\" class=\"wp-block-cover__background has-nv-site-bg-background-color has-background-dim-100 has-background-dim\"><\/span><div class=\"wp-block-cover__inner-container is-layout-constrained wp-block-cover-is-layout-constrained\">\n<p class=\"has-text-align-center has-nv-dark-bg-color has-text-color has-link-color wp-elements-755c57b2624f0b85a5dc7ee3acafb529\" style=\"font-size:20px\"><\/p>\n\n\n\n<div class=\"wp-block-columns is-layout-flex wp-container-core-columns-is-layout-9d6595d7 wp-block-columns-is-layout-flex\">\n<div class=\"wp-block-column is-layout-flow wp-block-column-is-layout-flow\">\n<h2 class=\"wp-block-heading has-text-align-center\">\u00bb \u00bfQu\u00e9 quer\u00e9s tomar? \u00ab<\/h2>\n\n\n\n<p class=\"has-text-align-center\"><strong>CAF\u00c9 CABRALES<br><\/strong>Pocillo<br>Jarrito<br>Doble<\/p>\n\n\n\n<p class=\"has-text-align-center\"><strong>CAF\u00c9 NESPRESSO<br><\/strong>Ristretto \/ Espresso Leggero \/ Espresso Forte<br>Lungo Forte \/ Expresso Decaffeinato.<br>Pocillo<br>Jarrito<br>Doble<\/p>\n\n\n\n<p class=\"has-text-align-center\"><strong>CAPUCCINO<\/strong><\/p>\n\n\n\n<p class=\"has-text-align-center\"><strong>IRLAND\u00c9S<\/strong><\/p>\n\n\n\n<p class=\"has-text-align-center\"><strong>COMO EN CASA FRAPUCHINO<\/strong><\/p>\n\n\n\n<p class=\"has-text-align-center\"><strong>SUBMARINO<\/strong><\/p>\n\n\n\n<p class=\"has-text-align-center\"><strong>T\u00c9 TARAGUI<\/strong><\/p>\n\n\n\n<p class=\"has-text-align-center\"><strong>T\u00c9 ESPECIAL<br><\/strong>Variedades de blends de Inti Zen.<\/p>\n\n\n\n<p class=\"has-text-align-center\"><strong>LICUADOS<br><\/strong>Naranja y Maracuy\u00e1 \/ Zanahoria \/ Mango<br>Tutti Frutti \/Frutos del Bosque \/ Banana.<\/p>\n\n\n\n<p class=\"has-text-align-center\"><strong>JUGOS<\/strong><\/p>\n\n\n\n<p class=\"has-text-align-center\"><strong>LIMONADA DE MENTA Y JENGIBRE<\/strong><\/p>\n\n\n\n<p class=\"has-text-align-center\"><strong>GASEOSAS \/ AGUA CON O SIN GAS<\/strong><\/p>\n<\/div>\n\n\n\n<div class=\"wp-block-column is-layout-flow wp-block-column-is-layout-flow\">\n<h2 class=\"wp-block-heading has-text-align-center\">\u00bb Desayunos y T\u00e9 \u00ab<\/h2>\n\n\n\n<p class=\"has-text-align-center\"><strong>AL TOQUE CON MEDIALUNAS<br><\/strong>Caf\u00e9 con leche y 3 medialunas (S\u00f3lo a la ma\u00f1ana).<\/p>\n\n\n\n<p class=\"has-text-align-center\"><strong>AL TOQUE CON TOSTADAS<br><\/strong>Caf\u00e9 con leche y tostadas de pan blanco, queso crema y mermelada light.<\/p>\n\n\n\n<p class=\"has-text-align-center\"><strong>HOY EMPIEZO!<br><\/strong>Infusi\u00f3n con tostadas de pan negro, juguito, queso crema y mermelada light.<\/p>\n\n\n\n<p class=\"has-text-align-center\"><strong>ESTILO AMERICANO<br><\/strong>Caf\u00e9 con leche, jugo mediano y huevos revueltos.<\/p>\n\n\n\n<p class=\"has-text-align-center\"><strong>ES LO QUE PREFIERO<br><\/strong>Caf\u00e9 con leche con tostado de jam\u00f3n.<\/p>\n\n\n\n<p class=\"has-text-align-center\"><strong>QUIERO ALGO RICO<br><\/strong>Caf\u00e9 con leche y porci\u00f3n de torta.<\/p>\n\n\n\n<p class=\"has-text-align-center\"><strong>T\u00c9 COMPLETO<br><\/strong>Infusi\u00f3n, saladitos y porci\u00f3n de torta.<\/p>\n\n\n\n<p class=\"has-text-align-center\"><strong>QUIERO ALGO DULCE<br><\/strong>Caf\u00e9 jarrito con tarteleta dulce.<\/p>\n\n\n\n<p class=\"has-text-align-center\"><strong>QUE PIDO?<br><\/strong>Caf\u00e9 con leche con cuadrado a elecci\u00f3n.<\/p>\n\n\n\n<p class=\"has-text-align-center\"><strong>TODO O NADA (PARA 2)<br><\/strong>2 Infusiones, 1 porci\u00f3n de torta, tostados, 2 jugos medianas y 1 tostado.<\/p>\n\n\n\n<p class=\"has-text-align-center\"><strong>TOSTADAS PAN DE CAMPO<br><\/strong>Con mermelada y queso crema.<\/p>\n<\/div>\n<\/div>\n\n\n\n<div class=\"wp-block-columns is-layout-flex wp-container-core-columns-is-layout-9d6595d7 wp-block-columns-is-layout-flex\">\n<div class=\"wp-block-column is-layout-flow wp-block-column-is-layout-flow\">\n<h2 class=\"wp-block-heading has-text-align-center\">\u00bb Para empezar \u00ab<\/h2>\n\n\n\n<p class=\"has-text-align-center\"><strong>BRUSCHETTAS<br><\/strong>Avocado Toast &#8211; Palta, cebolla roja, tomate, olivas y albahaca sobre tostada de pan de campo casero<br>PanTumaca &#8211; Jam\u00f3n crudo sobre tostada de pan de campo untada con coulis de tomate especiado<\/p>\n\n\n\n<p class=\"has-text-align-center\"><strong>EMPANADAS DE CARNE<\/strong><\/p>\n\n\n\n<p class=\"has-text-align-center\"><strong>PIZZETAS<br><\/strong>Tradicional &#8211; Mozzarela<br>Caprese &#8211; Tomate y albahaca<br>Fiorentina &#8211; Jam\u00f3n; crudo, r\u00facula; y parmesano<br>Como en Casa &#8211; Brie, ruc\u00fala; y tomates secos<\/p>\n\n\n\n<p class=\"has-text-align-center\"><strong>TARTAS INDIVIDUALES CON MIX VERDES<br><\/strong>Espinaca y Brie &#8211; Choclo y calabaza &#8211; Zuchini, cebolla colorada y gruyere &#8211; Berenjena<\/p>\n\n\n\n<p class=\"has-text-align-center\"><strong>PARA ACOMPA\u00d1AR;<br><\/strong>Ruc\u00fala; y Brie<br>Papas R\u00fasticas; o Mix de verdes<\/p>\n<\/div>\n\n\n\n<div class=\"wp-block-column is-layout-flow wp-block-column-is-layout-flow\">\n<h2 class=\"wp-block-heading has-text-align-center\">\u00bb Nuestras sugerencias light \u00ab<\/h2>\n\n\n\n<p class=\"has-text-align-center\"><strong>MILANESAS DE BERENJENA<br><\/strong>Gratinadas con queso y acompa\u00f1adas; con un mix de hojas y tomates secos<br>BIOS DE ESPINACA (2 unidades).<\/p>\n<\/div>\n<\/div>\n\n\n\n<div class=\"wp-block-columns is-layout-flex wp-container-core-columns-is-layout-9d6595d7 wp-block-columns-is-layout-flex\">\n<div class=\"wp-block-column is-layout-flow wp-block-column-is-layout-flow\">\n<h2 class=\"wp-block-heading has-text-align-center\">\u00bb Ensaladas \u00ab<\/h2>\n\n\n\n<p class=\"has-text-align-center\"><strong>NO TE LA PIERDAS<br><\/strong>Salm\u00f3n;, brie, palta, mix de hojas verdes y tomates secos<\/p>\n\n\n\n<p class=\"has-text-align-center\"><strong>TIBIA DE BRIE EN MASA PHILO<br><\/strong>Mix de hojas verdes, champignones, tomates cherry confitados, brie envuelto en philo con almibar de tomillo, vinagreta de Dijon y balsamico<\/p>\n\n\n\n<p class=\"has-text-align-center\"><strong>PECHUGUITAS CON S\u00c9SAMO;<br><\/strong>Endivias, mix de hojas verdes, palta, champignones, tomatescherry confitados y pechuguitas de pollo<\/p>\n\n\n\n<p class=\"has-text-align-center\"><strong>ESTILO GRIEGA<br><\/strong>Mix de hojas verdes, almendras tostadas, pasas de uva, queso de cabra, aceitunas negras, gajos de naranja y vinagreta de yogur con especias<\/p>\n\n\n\n<p class=\"has-text-align-center\"><strong>VIOLETA &amp; NARANJA<br><\/strong>Zanahoria, repollo colorado, pasas de uva y gajos de naranja<\/p>\n<\/div>\n\n\n\n<div class=\"wp-block-column is-layout-flow wp-block-column-is-layout-flow\">\n<h2 class=\"wp-block-heading has-text-align-center\">\u00bb Algo especial \u00ab<\/h2>\n\n\n\n<p class=\"has-text-align-center\"><strong>PASTAS &#8220;COMO EN CASA&#8221; HECHAS A MANO<br><\/strong>-Agnolotis de salm\u00f3n; rosado y camarones con manteca de hierbas y hojas de ruc\u00fala;<br>-Ravioles de ricota, espinaca y parmesano<br>-Gnochis Souffl\u00e9 de espinaca<br>Salsa a elecci\u00f3n;:<br>Coulis de tomates, Crema, Salsa rosa, Cuatro quesos, Crema de hongos de pino y champignones, Manteca de hierbas<\/p>\n\n\n\n<p class=\"has-text-align-center\"><strong>BONDIOLA BBQ<br><\/strong>Braseada con batatas al horno y hojas de ruc\u00fala;<\/p>\n\n\n\n<p class=\"has-text-align-center\"><strong>PECHUGAS GRILLADAS<br><\/strong>Con papas r\u00fasticas;, hojas de ruc\u00fala; y emulsi\u00f3n; de pimientas ahumadas y nueces<\/p>\n\n\n\n<p class=\"has-text-align-center\"><strong>ROLL DE POLLO<br><\/strong>Con trozos de pechuga de pollo, verdeo, brie y espinacas frescas acompa\u00f1ado; de mix de verdes y tomates cherry<\/p>\n<\/div>\n<\/div>\n\n\n\n<div class=\"wp-block-columns is-layout-flex wp-container-core-columns-is-layout-9d6595d7 wp-block-columns-is-layout-flex\">\n<div class=\"wp-block-column is-layout-flow wp-block-column-is-layout-flow\">\n<h2 class=\"wp-block-heading has-text-align-center\">\u00bb Armamos tu propio sandwich \u00ab<\/h2>\n\n\n\n<p class=\"has-text-align-center\"><strong>WRAP PREPARADOS, LISTOS, YA!<br><\/strong>salm\u00f3n; ahumado, palta, brie, ruc\u00fala;, crema de ciboulette y ralladura de lim\u00f3n;<\/p>\n\n\n\n<p class=\"has-text-align-center\"><strong>VEGGIE<br><\/strong>Pan multicereal casero, champignones reci\u00e9n; asados con crudites de puerros, cebollas rojas y jengibre, gruyere gratinado y hojas de ruc\u00fala;<\/p>\n\n\n\n<p class=\"has-text-align-center\"><strong>AHORA O NUNCA<br><\/strong>Pan integral tipo Viena, jam\u00f3n; crudo, queso tybo, tomates, ruc\u00fala; y mayonesa de albahaca<\/p>\n\n\n\n<p class=\"has-text-align-center\"><strong>QUIERO SORPRENDERTE<br><\/strong>Pan \u00e1rabe;, palta, pollo, tomate, mayonesa de apio<\/p>\n\n\n\n<p class=\"has-text-align-center\"><strong>TOSTADO DE JAM\u00d3N; Y QUESO<br><\/strong>-Pan de miga<br>-Pan \u00e1rabe;<\/p>\n<\/div>\n\n\n\n<div class=\"wp-block-column is-layout-flow wp-block-column-is-layout-flow\">\n<h2 class=\"wp-block-heading has-text-align-center\">\u00bb Nuestros Postres \u00ab<\/h2>\n\n\n\n<p class=\"has-text-align-center\"><strong>MOUSSE DE CHOCOLATE BLANCO Y FRUTOS ROJOS<\/strong><\/p>\n\n\n\n<p class=\"has-text-align-center\"><strong>HELADO CON FRUTOS DEL BOSQUE O SALSA DE CHOCOLATE<\/strong><\/p>\n\n\n\n<p class=\"has-text-align-center\"><strong>ENSALADA DE FRUTAS<\/strong><\/p>\n\n\n\n<p class=\"has-text-align-center\"><strong>STRUDEL DE MANZANA CON HELADO<\/strong><\/p>\n\n\n\n<p class=\"has-text-align-center\"><strong>PORCI\u00d3N; DE TORTA<br><\/strong>-Adicional Frutos del Bosque<\/p>\n\n\n\n<p class=\"has-text-align-center\"><strong>HELADO DE DURAZNO HECHO EN CASA<\/strong><\/p>\n<\/div>\n<\/div>\n\n\n\n<div class=\"wp-block-columns is-layout-flex wp-container-core-columns-is-layout-9d6595d7 wp-block-columns-is-layout-flex\">\n<div class=\"wp-block-column is-layout-flow wp-block-column-is-layout-flow\">\n<h2 class=\"wp-block-heading has-text-align-center\">\u00bb Algo Dulce \u00ab<\/h2>\n\n\n\n<p class=\"has-text-align-center\"><strong>MINI TARTELETAS INDIVIDUALES<br><\/strong>Bomb\u00f3n; \/ Lemon \/ Maracuy\u00e1 \/ Oto\u00f1o; \/ Sambay\u00f3n; \/ Suizo \/ Florentina<\/p>\n\n\n\n<p class=\"has-text-align-center\"><strong>CUADRADOS VIP<br><\/strong>Cheesecake \/ Chocotorta Como en Casa \/ Diferentes variedades sobre bases de brownie<\/p>\n\n\n\n<p class=\"has-text-align-center\"><strong>CUADRADOS<br><\/strong>Brownie \/ Lim\u00f3n; \/ Frola \/ Coco \/ Ricota \/ Manzana \/ Manzana light<\/p>\n\n\n\n<p class=\"has-text-align-center\"><strong>ARROLLADITO DE DULCE DE LECHE<\/strong><\/p>\n\n\n\n<p class=\"has-text-align-center\"><strong>ALFAJORES DE MAICENA O ROGELITOS<\/strong><\/p>\n\n\n\n<p class=\"has-text-align-center\"><strong>MEDIALUNAS<\/strong><\/p>\n<\/div>\n\n\n\n<div class=\"wp-block-column is-layout-flow wp-block-column-is-layout-flow\">\n<h2 class=\"wp-block-heading has-text-align-center\">\u00bb Nuestras Tartas \u00ab<\/h2>\n\n\n\n<p class=\"has-text-align-center\"><strong>ALPINA<br><\/strong>Base de chocolate, dulce de leche, mousse de chocolate y merengue italiano<\/p>\n\n\n\n<p class=\"has-text-align-center\"><strong>BOMBON<\/strong><br>Base de chocolate con mousse de chocolate<\/p>\n\n\n\n<p class=\"has-text-align-center\"><strong>FLORENTINA<br><\/strong>Base de chocolate con dulce de leche, crema chantilly y florentinos<\/p>\n\n\n\n<p class=\"has-text-align-center\"><strong>LEMON PIE<br><\/strong>Base de tarta, crema de lim\u00f3n; y merengue italiano<\/p>\n\n\n\n<p class=\"has-text-align-center\"><strong>MANZANA<br><\/strong>Struesel, Strudel, Manzana con philo<\/p>\n\n\n\n<p class=\"has-text-align-center\"><strong>NEVADA<br><\/strong>Base de brownie con nuez, dulce de leche y merengue<\/p>\n\n\n\n<p class=\"has-text-align-center\"><strong>OTO\u00d1O;<br><\/strong>Base de tarta, sambay\u00f3n; y diferentes frutas secas.<br>Variante de dulce de leche<\/p>\n\n\n\n<p class=\"has-text-align-center\"><strong>PIE DE MARACUYA<br><\/strong>Base de tarta y crema maracuya<\/p>\n\n\n\n<p class=\"has-text-align-center\"><strong>SAMBAY\u00d3N;<br><\/strong>Base de vainilla, sambay\u00f3n; y merengue italiano<\/p>\n\n\n\n<p class=\"has-text-align-center\"><strong>SUIZO<br><\/strong>Base de chocolate, dulce de leche, mousse de chocolate y merengue italiano<\/p>\n\n\n\n<p class=\"has-text-align-center\"><strong>TERESA<br><\/strong>Base de brownie con nuez, dulce de leche, merenguitos y ganache de chocolate<\/p>\n<\/div>\n<\/div>\n<\/div><\/div>\n\n\n\n<div class=\"wp-block-cover alignfull is-position-center-center has-nv-site-bg-color has-text-color has-link-color wp-elements-607d015dbe4b1bd266425a07a27ea61e\" style=\"border-radius:0px;min-height:120px;aspect-ratio:unset;\"><span aria-hidden=\"true\" class=\"wp-block-cover__background has-black-background-color has-background-dim-100 has-background-dim\"><\/span><div class=\"wp-block-cover__inner-container is-layout-flow wp-block-cover-is-layout-flow\">\n<div class=\"wp-block-group\"><div class=\"wp-block-group__inner-container is-layout-constrained wp-block-group-is-layout-constrained\">\n<h3 class=\"wp-block-heading has-text-align-center has-nv-site-bg-color has-text-color has-link-color has-medium-font-size wp-elements-627c0fcb4a65601beb9a8067c2f08ff1\" style=\"text-transform:uppercase\"><a href=\"\/nosotros.php\">NOSOTROS<\/a> | <a href=\"\/nuestrastortas.php\">NUESTRAS TORTAS<\/a> | <a href=\"\/locales.php\">LOCALES<\/a> | <a href=\"\/eventos.php\">EVENTOS<\/a> <\/h3>\n<\/div><\/div>\n<\/div><\/div>\n","protected":false},"excerpt":{"rendered":"","protected":false},"author":1,"featured_media":0,"parent":0,"menu_order":0,"comment_status":"closed","ping_status":"closed","template":"","meta":{"neve_meta_sidebar":"","neve_meta_container":"","neve_meta_enable_content_width":"","neve_meta_content_width":0,"neve_meta_title_alignment":"","neve_meta_author_avatar":"","neve_post_elements_order":"","neve_meta_disable_header":"","neve_meta_disable_footer":"on","neve_meta_disable_title":"on","footnotes":""},"class_list":["post-76","page","type-page","status-publish","hentry"],"yoast_head":"<!-- This site is optimized with the Yoast SEO plugin v24.5 - https:\/\/yoast.com\/wordpress\/plugins\/seo\/ -->\n<title>Como en casa | MENU<\/title>\n<meta name=\"description\" content=\"Caf\u00e9 con leche y tostadas de pan blanco, queso crema y mermelada light.\" \/>\n<meta name=\"robots\" content=\"index, follow, max-snippet:-1, max-image-preview:large, max-video-preview:-1\" \/>\n<link rel=\"canonical\" href=\"https:\/\/tortascomoencasa.com\/nuestromenu.php\" \/>\n<meta property=\"og:locale\" content=\"en_US\" \/>\n<meta property=\"og:type\" content=\"article\" \/>\n<meta property=\"og:title\" content=\"Como en casa | MENU\" \/>\n<meta property=\"og:description\" content=\"Caf\u00e9 con leche y tostadas de pan blanco, queso crema y mermelada light.\" \/>\n<meta property=\"og:url\" content=\"https:\/\/tortascomoencasa.com\/nuestromenu.php\" \/>\n<meta property=\"og:site_name\" content=\"tortascomoencasa.com\" \/>\n<meta property=\"article:modified_time\" content=\"2025-02-27T13:48:06+00:00\" \/>\n<meta property=\"og:image\" content=\"https:\/\/tortascomoencasa.com\/wp-content\/uploads\/2025\/02\/slide2.jpg\" \/>\n\t<meta property=\"og:image:width\" content=\"1395\" \/>\n\t<meta property=\"og:image:height\" content=\"610\" \/>\n\t<meta property=\"og:image:type\" content=\"image\/jpeg\" \/>\n<meta name=\"twitter:card\" content=\"summary_large_image\" \/>\n<meta name=\"twitter:label1\" content=\"Est. reading time\" \/>\n\t<meta name=\"twitter:data1\" content=\"4 minutes\" \/>\n<script type=\"application\/ld+json\" class=\"yoast-schema-graph\">{\"@context\":\"https:\/\/schema.org\",\"@graph\":[{\"@type\":\"WebPage\",\"@id\":\"https:\/\/tortascomoencasa.com\/nuestromenu.php\",\"url\":\"https:\/\/tortascomoencasa.com\/nuestromenu.php\",\"name\":\"Como en casa | MENU\",\"isPartOf\":{\"@id\":\"https:\/\/tortascomoencasa.com\/#website\"},\"primaryImageOfPage\":{\"@id\":\"https:\/\/tortascomoencasa.com\/nuestromenu.php#primaryimage\"},\"image\":{\"@id\":\"https:\/\/tortascomoencasa.com\/nuestromenu.php#primaryimage\"},\"thumbnailUrl\":\"https:\/\/tortascomoencasa.com\/wp-content\/uploads\/2025\/02\/slide2.jpg\",\"datePublished\":\"2025-02-25T16:36:09+00:00\",\"dateModified\":\"2025-02-27T13:48:06+00:00\",\"description\":\"Caf\u00e9 con leche y tostadas de pan blanco, queso crema y mermelada light.\",\"breadcrumb\":{\"@id\":\"https:\/\/tortascomoencasa.com\/nuestromenu.php#breadcrumb\"},\"inLanguage\":\"en-US\",\"potentialAction\":[{\"@type\":\"ReadAction\",\"target\":[\"https:\/\/tortascomoencasa.com\/nuestromenu.php\"]}]},{\"@type\":\"ImageObject\",\"inLanguage\":\"en-US\",\"@id\":\"https:\/\/tortascomoencasa.com\/nuestromenu.php#primaryimage\",\"url\":\"https:\/\/tortascomoencasa.com\/wp-content\/uploads\/2025\/02\/slide2.jpg\",\"contentUrl\":\"https:\/\/tortascomoencasa.com\/wp-content\/uploads\/2025\/02\/slide2.jpg\",\"width\":1395,\"height\":610},{\"@type\":\"BreadcrumbList\",\"@id\":\"https:\/\/tortascomoencasa.com\/nuestromenu.php#breadcrumb\",\"itemListElement\":[{\"@type\":\"ListItem\",\"position\":1,\"name\":\"Home\",\"item\":\"https:\/\/tortascomoencasa.com\/\"},{\"@type\":\"ListItem\",\"position\":2,\"name\":\"MEN\u00da\"}]},{\"@type\":\"WebSite\",\"@id\":\"https:\/\/tortascomoencasa.com\/#website\",\"url\":\"https:\/\/tortascomoencasa.com\/\",\"name\":\"tortascomoencasa.com\",\"description\":\"\",\"potentialAction\":[{\"@type\":\"SearchAction\",\"target\":{\"@type\":\"EntryPoint\",\"urlTemplate\":\"https:\/\/tortascomoencasa.com\/?s={search_term_string}\"},\"query-input\":{\"@type\":\"PropertyValueSpecification\",\"valueRequired\":true,\"valueName\":\"search_term_string\"}}],\"inLanguage\":\"en-US\"}]}<\/script>\n<!-- \/ Yoast SEO plugin. -->","yoast_head_json":{"title":"Como en casa | MENU","description":"Caf\u00e9 con leche y tostadas de pan blanco, queso crema y mermelada light.","robots":{"index":"index","follow":"follow","max-snippet":"max-snippet:-1","max-image-preview":"max-image-preview:large","max-video-preview":"max-video-preview:-1"},"canonical":"https:\/\/tortascomoencasa.com\/nuestromenu.php","og_locale":"en_US","og_type":"article","og_title":"Como en casa | MENU","og_description":"Caf\u00e9 con leche y tostadas de pan blanco, queso crema y mermelada light.","og_url":"https:\/\/tortascomoencasa.com\/nuestromenu.php","og_site_name":"tortascomoencasa.com","article_modified_time":"2025-02-27T13:48:06+00:00","og_image":[{"width":1395,"height":610,"url":"https:\/\/tortascomoencasa.com\/wp-content\/uploads\/2025\/02\/slide2.jpg","type":"image\/jpeg"}],"twitter_card":"summary_large_image","twitter_misc":{"Est. reading time":"4 minutes"},"schema":{"@context":"https:\/\/schema.org","@graph":[{"@type":"WebPage","@id":"https:\/\/tortascomoencasa.com\/nuestromenu.php","url":"https:\/\/tortascomoencasa.com\/nuestromenu.php","name":"Como en casa | MENU","isPartOf":{"@id":"https:\/\/tortascomoencasa.com\/#website"},"primaryImageOfPage":{"@id":"https:\/\/tortascomoencasa.com\/nuestromenu.php#primaryimage"},"image":{"@id":"https:\/\/tortascomoencasa.com\/nuestromenu.php#primaryimage"},"thumbnailUrl":"https:\/\/tortascomoencasa.com\/wp-content\/uploads\/2025\/02\/slide2.jpg","datePublished":"2025-02-25T16:36:09+00:00","dateModified":"2025-02-27T13:48:06+00:00","description":"Caf\u00e9 con leche y tostadas de pan blanco, queso crema y mermelada light.","breadcrumb":{"@id":"https:\/\/tortascomoencasa.com\/nuestromenu.php#breadcrumb"},"inLanguage":"en-US","potentialAction":[{"@type":"ReadAction","target":["https:\/\/tortascomoencasa.com\/nuestromenu.php"]}]},{"@type":"ImageObject","inLanguage":"en-US","@id":"https:\/\/tortascomoencasa.com\/nuestromenu.php#primaryimage","url":"https:\/\/tortascomoencasa.com\/wp-content\/uploads\/2025\/02\/slide2.jpg","contentUrl":"https:\/\/tortascomoencasa.com\/wp-content\/uploads\/2025\/02\/slide2.jpg","width":1395,"height":610},{"@type":"BreadcrumbList","@id":"https:\/\/tortascomoencasa.com\/nuestromenu.php#breadcrumb","itemListElement":[{"@type":"ListItem","position":1,"name":"Home","item":"https:\/\/tortascomoencasa.com\/"},{"@type":"ListItem","position":2,"name":"MEN\u00da"}]},{"@type":"WebSite","@id":"https:\/\/tortascomoencasa.com\/#website","url":"https:\/\/tortascomoencasa.com\/","name":"tortascomoencasa.com","description":"","potentialAction":[{"@type":"SearchAction","target":{"@type":"EntryPoint","urlTemplate":"https:\/\/tortascomoencasa.com\/?s={search_term_string}"},"query-input":{"@type":"PropertyValueSpecification","valueRequired":true,"valueName":"search_term_string"}}],"inLanguage":"en-US"}]}},"_links":{"self":[{"href":"https:\/\/tortascomoencasa.com\/index.php\/wp-json\/wp\/v2\/pages\/76","targetHints":{"allow":["GET"]}}],"collection":[{"href":"https:\/\/tortascomoencasa.com\/index.php\/wp-json\/wp\/v2\/pages"}],"about":[{"href":"https:\/\/tortascomoencasa.com\/index.php\/wp-json\/wp\/v2\/types\/page"}],"author":[{"embeddable":true,"href":"https:\/\/tortascomoencasa.com\/index.php\/wp-json\/wp\/v2\/users\/1"}],"replies":[{"embeddable":true,"href":"https:\/\/tortascomoencasa.com\/index.php\/wp-json\/wp\/v2\/comments?post=76"}],"version-history":[{"count":4,"href":"https:\/\/tortascomoencasa.com\/index.php\/wp-json\/wp\/v2\/pages\/76\/revisions"}],"predecessor-version":[{"id":130,"href":"https:\/\/tortascomoencasa.com\/index.php\/wp-json\/wp\/v2\/pages\/76\/revisions\/130"}],"wp:attachment":[{"href":"https:\/\/tortascomoencasa.com\/index.php\/wp-json\/wp\/v2\/media?parent=76"}],"curies":[{"name":"wp","href":"https:\/\/api.w.org\/{rel}","templated":true}]}}