{"id":63,"date":"2025-02-25T16:05:38","date_gmt":"2025-02-25T16:05:38","guid":{"rendered":"https:\/\/tortascomoencasa.com\/?page_id=63"},"modified":"2025-02-25T16:05:39","modified_gmt":"2025-02-25T16:05:39","slug":"nosotros","status":"publish","type":"page","link":"https:\/\/tortascomoencasa.com\/nosotros.php","title":{"rendered":"Nosotros"},"content":{"rendered":"\n<div class=\"wp-block-cover alignfull\" style=\"min-height:1000px;aspect-ratio:unset;\"><span aria-hidden=\"true\" class=\"wp-block-cover__background has-background-dim-20 has-background-dim\" style=\"background-color:#887d72\"><\/span><img loading=\"lazy\" decoding=\"async\" width=\"1395\" height=\"610\" class=\"wp-block-cover__image-background wp-image-68\" alt=\"Como en casa\" src=\"https:\/\/tortascomoencasa.com\/wp-content\/uploads\/2025\/02\/slide3.jpg\" style=\"object-position:52% 100%\" data-object-fit=\"cover\" data-object-position=\"52% 100%\" srcset=\"https:\/\/tortascomoencasa.com\/wp-content\/uploads\/2025\/02\/slide3.jpg 1395w, https:\/\/tortascomoencasa.com\/wp-content\/uploads\/2025\/02\/slide3-300x131.jpg 300w, https:\/\/tortascomoencasa.com\/wp-content\/uploads\/2025\/02\/slide3-1024x448.jpg 1024w, https:\/\/tortascomoencasa.com\/wp-content\/uploads\/2025\/02\/slide3-768x336.jpg 768w\" sizes=\"auto, (max-width: 1395px) 100vw, 1395px\" \/><div class=\"wp-block-cover__inner-container is-layout-constrained wp-block-cover-is-layout-constrained\">\n<h1 class=\"wp-block-heading has-text-align-center has-white-color has-text-color has-x-large-font-size\" style=\"text-transform:uppercase\">El Equipo<\/h1>\n\n\n\n<p class=\"has-text-align-center\"><\/p>\n\n\n\n<div style=\"height:55px\" aria-hidden=\"true\" class=\"wp-block-spacer\"><\/div>\n<\/div><\/div>\n\n\n\n<div style=\"height:50px\" aria-hidden=\"true\" class=\"wp-block-spacer\"><\/div>\n\n\n\n<div class=\"wp-block-cover has-nv-dark-bg-color has-text-color has-link-color wp-elements-ee44e007e24b40e1aadb980329728b12\"><span aria-hidden=\"true\" class=\"wp-block-cover__background has-nv-site-bg-background-color has-background-dim-100 has-background-dim\"><\/span><div class=\"wp-block-cover__inner-container is-layout-constrained wp-block-cover-is-layout-constrained\">\n<p class=\"has-text-align-center has-nv-dark-bg-color has-text-color has-link-color wp-elements-3d6089c3f3b4a5eed36de3bce8134926\" style=\"font-size:20px\">Esta historia comenz\u00f3 hace <strong>m\u00e1s de 30 a\u00f1os<\/strong>, cuando dos hermanas,<br>luego de terminar sus carreras, quisieron hacer algo m\u00e1s&#8230;<\/p>\n\n\n\n<p class=\"has-text-align-center has-link-color wp-elements-0258953aa342eab9017341230fd81db5\" style=\"font-size:20px\">Empezaron cocinando tortas y cosas ricas con <strong>los secretos de su abuela<\/strong>.<br>Con mucho esfuerzo, dedicaci\u00f3n y pasi\u00f3n este peque\u00f1o proyecto creci\u00f3.<\/p>\n\n\n\n<p class=\"has-text-align-center has-link-color wp-elements-09f3d7a00c11c2ffd02698cd018f2c3a\" style=\"font-size:20px\"><strong>Hoy &#8220;Como en Casa&#8221; cuenta con m\u00e1s de 100 empleados, quienes forman un valioso equipo.<\/strong><\/p>\n\n\n\n<p class=\"has-text-align-center has-nv-dark-bg-color has-text-color has-link-color wp-elements-178b0b009447432a25b6d4c5775ad522\" style=\"font-size:20px\">Todos sus locales son lugares especiales, donde se busca alimentar tanto el cuerpo como el alma.<\/p>\n<\/div><\/div>\n\n\n\n<div class=\"wp-block-cover alignfull is-position-center-center has-nv-site-bg-color has-text-color has-link-color wp-elements-607d015dbe4b1bd266425a07a27ea61e\" style=\"border-radius:0px;min-height:120px;aspect-ratio:unset;\"><span aria-hidden=\"true\" class=\"wp-block-cover__background has-black-background-color has-background-dim-100 has-background-dim\"><\/span><div class=\"wp-block-cover__inner-container is-layout-flow wp-block-cover-is-layout-flow\">\n<div class=\"wp-block-group\"><div class=\"wp-block-group__inner-container is-layout-constrained wp-block-group-is-layout-constrained\">\n<h3 class=\"wp-block-heading has-text-align-center has-nv-site-bg-color has-text-color has-link-color has-medium-font-size wp-elements-627c0fcb4a65601beb9a8067c2f08ff1\" style=\"text-transform:uppercase\"><a href=\"\/nosotros.php\">NOSOTROS<\/a> | <a href=\"\/nuestrastortas.php\">NUESTRAS TORTAS<\/a> | <a href=\"\/locales.php\">LOCALES<\/a> | <a href=\"\/eventos.php\">EVENTOS<\/a> <\/h3>\n<\/div><\/div>\n<\/div><\/div>\n","protected":false},"excerpt":{"rendered":"","protected":false},"author":1,"featured_media":0,"parent":0,"menu_order":0,"comment_status":"closed","ping_status":"closed","template":"","meta":{"neve_meta_sidebar":"","neve_meta_container":"","neve_meta_enable_content_width":"","neve_meta_content_width":0,"neve_meta_title_alignment":"","neve_meta_author_avatar":"","neve_post_elements_order":"","neve_meta_disable_header":"","neve_meta_disable_footer":"on","neve_meta_disable_title":"on","footnotes":""},"class_list":["post-63","page","type-page","status-publish","hentry"],"yoast_head":"<!-- This site is optimized with the Yoast SEO plugin v24.5 - https:\/\/yoast.com\/wordpress\/plugins\/seo\/ -->\n<title>Como en casa | NOSOTROS<\/title>\n<meta name=\"description\" content=\"Esta historia comenz\u00f3 hace m\u00e1s de 30 a\u00f1os, cuando dos hermanas,luego de terminar sus carreras, quisieron hacer algo m\u00e1s...\" \/>\n<meta name=\"robots\" content=\"index, follow, max-snippet:-1, max-image-preview:large, max-video-preview:-1\" \/>\n<link rel=\"canonical\" href=\"https:\/\/tortascomoencasa.com\/nosotros.php\" \/>\n<meta property=\"og:locale\" content=\"en_US\" \/>\n<meta property=\"og:type\" content=\"article\" \/>\n<meta property=\"og:title\" content=\"Como en casa | NOSOTROS\" \/>\n<meta property=\"og:description\" content=\"Esta historia comenz\u00f3 hace m\u00e1s de 30 a\u00f1os, cuando dos hermanas,luego de terminar sus carreras, quisieron hacer algo m\u00e1s...\" \/>\n<meta property=\"og:url\" content=\"https:\/\/tortascomoencasa.com\/nosotros.php\" \/>\n<meta property=\"og:site_name\" content=\"tortascomoencasa.com\" \/>\n<meta property=\"article:modified_time\" content=\"2025-02-25T16:05:39+00:00\" \/>\n<meta property=\"og:image\" content=\"https:\/\/tortascomoencasa.com\/wp-content\/uploads\/2025\/02\/slide3.jpg\" \/>\n<meta name=\"twitter:card\" content=\"summary_large_image\" \/>\n<meta name=\"twitter:label1\" content=\"Est. reading time\" \/>\n\t<meta name=\"twitter:data1\" content=\"1 minute\" \/>\n<script type=\"application\/ld+json\" class=\"yoast-schema-graph\">{\"@context\":\"https:\/\/schema.org\",\"@graph\":[{\"@type\":\"WebPage\",\"@id\":\"https:\/\/tortascomoencasa.com\/nosotros.php\",\"url\":\"https:\/\/tortascomoencasa.com\/nosotros.php\",\"name\":\"Como en casa | NOSOTROS\",\"isPartOf\":{\"@id\":\"https:\/\/tortascomoencasa.com\/#website\"},\"primaryImageOfPage\":{\"@id\":\"https:\/\/tortascomoencasa.com\/nosotros.php#primaryimage\"},\"image\":{\"@id\":\"https:\/\/tortascomoencasa.com\/nosotros.php#primaryimage\"},\"thumbnailUrl\":\"https:\/\/tortascomoencasa.com\/wp-content\/uploads\/2025\/02\/slide3.jpg\",\"datePublished\":\"2025-02-25T16:05:38+00:00\",\"dateModified\":\"2025-02-25T16:05:39+00:00\",\"description\":\"Esta historia comenz\u00f3 hace m\u00e1s de 30 a\u00f1os, cuando dos hermanas,luego de terminar sus carreras, quisieron hacer algo m\u00e1s...\",\"breadcrumb\":{\"@id\":\"https:\/\/tortascomoencasa.com\/nosotros.php#breadcrumb\"},\"inLanguage\":\"en-US\",\"potentialAction\":[{\"@type\":\"ReadAction\",\"target\":[\"https:\/\/tortascomoencasa.com\/nosotros.php\"]}]},{\"@type\":\"ImageObject\",\"inLanguage\":\"en-US\",\"@id\":\"https:\/\/tortascomoencasa.com\/nosotros.php#primaryimage\",\"url\":\"https:\/\/tortascomoencasa.com\/wp-content\/uploads\/2025\/02\/slide3.jpg\",\"contentUrl\":\"https:\/\/tortascomoencasa.com\/wp-content\/uploads\/2025\/02\/slide3.jpg\",\"width\":1395,\"height\":610},{\"@type\":\"BreadcrumbList\",\"@id\":\"https:\/\/tortascomoencasa.com\/nosotros.php#breadcrumb\",\"itemListElement\":[{\"@type\":\"ListItem\",\"position\":1,\"name\":\"Home\",\"item\":\"https:\/\/tortascomoencasa.com\/\"},{\"@type\":\"ListItem\",\"position\":2,\"name\":\"Nosotros\"}]},{\"@type\":\"WebSite\",\"@id\":\"https:\/\/tortascomoencasa.com\/#website\",\"url\":\"https:\/\/tortascomoencasa.com\/\",\"name\":\"tortascomoencasa.com\",\"description\":\"\",\"potentialAction\":[{\"@type\":\"SearchAction\",\"target\":{\"@type\":\"EntryPoint\",\"urlTemplate\":\"https:\/\/tortascomoencasa.com\/?s={search_term_string}\"},\"query-input\":{\"@type\":\"PropertyValueSpecification\",\"valueRequired\":true,\"valueName\":\"search_term_string\"}}],\"inLanguage\":\"en-US\"}]}<\/script>\n<!-- \/ Yoast SEO plugin. -->","yoast_head_json":{"title":"Como en casa | NOSOTROS","description":"Esta historia comenz\u00f3 hace m\u00e1s de 30 a\u00f1os, cuando dos hermanas,luego de terminar sus carreras, quisieron hacer algo m\u00e1s...","robots":{"index":"index","follow":"follow","max-snippet":"max-snippet:-1","max-image-preview":"max-image-preview:large","max-video-preview":"max-video-preview:-1"},"canonical":"https:\/\/tortascomoencasa.com\/nosotros.php","og_locale":"en_US","og_type":"article","og_title":"Como en casa | NOSOTROS","og_description":"Esta historia comenz\u00f3 hace m\u00e1s de 30 a\u00f1os, cuando dos hermanas,luego de terminar sus carreras, quisieron hacer algo m\u00e1s...","og_url":"https:\/\/tortascomoencasa.com\/nosotros.php","og_site_name":"tortascomoencasa.com","article_modified_time":"2025-02-25T16:05:39+00:00","og_image":[{"url":"https:\/\/tortascomoencasa.com\/wp-content\/uploads\/2025\/02\/slide3.jpg","type":"","width":"","height":""}],"twitter_card":"summary_large_image","twitter_misc":{"Est. reading time":"1 minute"},"schema":{"@context":"https:\/\/schema.org","@graph":[{"@type":"WebPage","@id":"https:\/\/tortascomoencasa.com\/nosotros.php","url":"https:\/\/tortascomoencasa.com\/nosotros.php","name":"Como en casa | NOSOTROS","isPartOf":{"@id":"https:\/\/tortascomoencasa.com\/#website"},"primaryImageOfPage":{"@id":"https:\/\/tortascomoencasa.com\/nosotros.php#primaryimage"},"image":{"@id":"https:\/\/tortascomoencasa.com\/nosotros.php#primaryimage"},"thumbnailUrl":"https:\/\/tortascomoencasa.com\/wp-content\/uploads\/2025\/02\/slide3.jpg","datePublished":"2025-02-25T16:05:38+00:00","dateModified":"2025-02-25T16:05:39+00:00","description":"Esta historia comenz\u00f3 hace m\u00e1s de 30 a\u00f1os, cuando dos hermanas,luego de terminar sus carreras, quisieron hacer algo m\u00e1s...","breadcrumb":{"@id":"https:\/\/tortascomoencasa.com\/nosotros.php#breadcrumb"},"inLanguage":"en-US","potentialAction":[{"@type":"ReadAction","target":["https:\/\/tortascomoencasa.com\/nosotros.php"]}]},{"@type":"ImageObject","inLanguage":"en-US","@id":"https:\/\/tortascomoencasa.com\/nosotros.php#primaryimage","url":"https:\/\/tortascomoencasa.com\/wp-content\/uploads\/2025\/02\/slide3.jpg","contentUrl":"https:\/\/tortascomoencasa.com\/wp-content\/uploads\/2025\/02\/slide3.jpg","width":1395,"height":610},{"@type":"BreadcrumbList","@id":"https:\/\/tortascomoencasa.com\/nosotros.php#breadcrumb","itemListElement":[{"@type":"ListItem","position":1,"name":"Home","item":"https:\/\/tortascomoencasa.com\/"},{"@type":"ListItem","position":2,"name":"Nosotros"}]},{"@type":"WebSite","@id":"https:\/\/tortascomoencasa.com\/#website","url":"https:\/\/tortascomoencasa.com\/","name":"tortascomoencasa.com","description":"","potentialAction":[{"@type":"SearchAction","target":{"@type":"EntryPoint","urlTemplate":"https:\/\/tortascomoencasa.com\/?s={search_term_string}"},"query-input":{"@type":"PropertyValueSpecification","valueRequired":true,"valueName":"search_term_string"}}],"inLanguage":"en-US"}]}},"_links":{"self":[{"href":"https:\/\/tortascomoencasa.com\/index.php\/wp-json\/wp\/v2\/pages\/63","targetHints":{"allow":["GET"]}}],"collection":[{"href":"https:\/\/tortascomoencasa.com\/index.php\/wp-json\/wp\/v2\/pages"}],"about":[{"href":"https:\/\/tortascomoencasa.com\/index.php\/wp-json\/wp\/v2\/types\/page"}],"author":[{"embeddable":true,"href":"https:\/\/tortascomoencasa.com\/index.php\/wp-json\/wp\/v2\/users\/1"}],"replies":[{"embeddable":true,"href":"https:\/\/tortascomoencasa.com\/index.php\/wp-json\/wp\/v2\/comments?post=63"}],"version-history":[{"count":2,"href":"https:\/\/tortascomoencasa.com\/index.php\/wp-json\/wp\/v2\/pages\/63\/revisions"}],"predecessor-version":[{"id":70,"href":"https:\/\/tortascomoencasa.com\/index.php\/wp-json\/wp\/v2\/pages\/63\/revisions\/70"}],"wp:attachment":[{"href":"https:\/\/tortascomoencasa.com\/index.php\/wp-json\/wp\/v2\/media?parent=63"}],"curies":[{"name":"wp","href":"https:\/\/api.w.org\/{rel}","templated":true}]}}